{"id":5724,"date":"2023-03-02T12:01:09","date_gmt":"2023-03-02T12:01:09","guid":{"rendered":"https:\/\/onlinevoices.wpengine.com\/vores-optagestudier\/"},"modified":"2025-10-30T22:35:00","modified_gmt":"2025-10-30T22:35:00","slug":"vores-optagestudier","status":"publish","type":"page","link":"https:\/\/www.onlinevoices.com\/da\/vores-optagestudier\/","title":{"rendered":"Vores optagestudier"},"content":{"rendered":"<section class=\"grid-studio gutenberg-block reset-global-padding alignfull  \" id=\"block_23e891335411bbcac5f7494f1e698b44\" >\n\t<div class=\"sk-container \">\n\t\t\t\t\t\t\t<div class=\"grid-studio__content\">\n\t\t\t\t\t\t\t\t\t\t\t\t\t\t\t\t\t\t\t\t\t\t\t\t\t\t\t\t\t\t\t\t\t\t\t\t\t\t\t\t\t\t\t\t\t\t<article class=\"card card-info large\">\n\t\t\t\t\t\t\t\t<a class=\"card-link\" title=\"Stockholm\" href=\"https:\/\/www.onlinevoices.com\/da\/vores-studios\/optagelsesstudie-i-stockholm\/\">\n\t\t\t\t\t\t\t\t\t\t\t\t\t\t\t\t\t\t\t\n\n                                                                        \n    \n  <picture>\n    <source type=\"image\/webp\" sizes=\"(max-width: 560px) calc(100vw - 40px), (max-width: 768px) 520px, 400px\" srcset=\"https:\/\/www.onlinevoices.com\/wp-content\/uploads\/2023\/03\/online-voices-stockholm-office-07-scaled-100x0-c-default.webp 100w, https:\/\/www.onlinevoices.com\/wp-content\/uploads\/2023\/03\/online-voices-stockholm-office-07-scaled-200x0-c-default.webp 200w, https:\/\/www.onlinevoices.com\/wp-content\/uploads\/2023\/03\/online-voices-stockholm-office-07-scaled-400x0-c-default.webp 400w, https:\/\/www.onlinevoices.com\/wp-content\/uploads\/2023\/03\/online-voices-stockholm-office-07-scaled-600x0-c-default.webp 600w, https:\/\/www.onlinevoices.com\/wp-content\/uploads\/2023\/03\/online-voices-stockholm-office-07-scaled-800x0-c-default.webp 800w, https:\/\/www.onlinevoices.com\/wp-content\/uploads\/2023\/03\/online-voices-stockholm-office-07-scaled-1200x0-c-default.webp 1200w, https:\/\/www.onlinevoices.com\/wp-content\/uploads\/2023\/03\/online-voices-stockholm-office-07-scaled-2400x0-c-default.webp 2400w, https:\/\/www.onlinevoices.com\/wp-content\/uploads\/2023\/03\/online-voices-stockholm-office-07-scaled.webp 2560w\">\n    <source type=\"image\/jpeg\" sizes=\"(max-width: 560px) calc(100vw - 40px), (max-width: 768px) 520px, 400px\" srcset=\"https:\/\/www.onlinevoices.com\/wp-content\/uploads\/2023\/03\/online-voices-stockholm-office-07-scaled-100x0-c-default.jpg 100w, https:\/\/www.onlinevoices.com\/wp-content\/uploads\/2023\/03\/online-voices-stockholm-office-07-scaled-200x0-c-default.jpg 200w, https:\/\/www.onlinevoices.com\/wp-content\/uploads\/2023\/03\/online-voices-stockholm-office-07-scaled-400x0-c-default.jpg 400w, https:\/\/www.onlinevoices.com\/wp-content\/uploads\/2023\/03\/online-voices-stockholm-office-07-scaled-600x0-c-default.jpg 600w, https:\/\/www.onlinevoices.com\/wp-content\/uploads\/2023\/03\/online-voices-stockholm-office-07-scaled-800x0-c-default.jpg 800w, https:\/\/www.onlinevoices.com\/wp-content\/uploads\/2023\/03\/online-voices-stockholm-office-07-scaled-1200x0-c-default.jpg 1200w, https:\/\/www.onlinevoices.com\/wp-content\/uploads\/2023\/03\/online-voices-stockholm-office-07-scaled-2400x0-c-default.jpg 2400w, https:\/\/www.onlinevoices.com\/wp-content\/uploads\/2023\/03\/online-voices-stockholm-office-07-scaled.jpg 2560w\">\n    <img fetchpriority=\"high\" decoding=\"async\" class=\"grid-studio__img object-fit\" width=\"2560\" height=\"1707\" alt=\"online-voices-stockholm-office-07\" src=\"https:\/\/www.onlinevoices.com\/wp-content\/uploads\/2023\/03\/online-voices-stockholm-office-07-scaled.jpg\" loading=\"eager\">\n  <\/picture>\n\n\t\t\t\t\t\t\t\t\t\t\t\t\t\t\t\t\t\t<div class=\"card-content\">\n\t\t\t\t\t\t\t\t\t\t\t\t\t\t\t\t\t\t\t\t\t<h4 class=\"card-title\">Stockholm<\/h4>\n\t\t\t\t\t\t\t\t\t\t\t\t\t\t\t\t\t\t\t\t\t\t\t\t\t\t\t\t\t\t\t<p class=\"card-desc hidden\">\n\t\t\t\t\t\t\t\t\t\t\t\tDu finder vores prisvindende indspilningsstudie i Stockholm i hjertet af byen, fem minutters gang fra hovedbaneg\u00e5rden. Alle studier er professionelt bygget til voiceover-optagelser og lydproduktion med de h\u00f8jeste specifikationer, lydkvalitet, luftgennemstr\u00f8mning og komf\u2026\n\t\t\t\t\t\t\t\t\t\t\t<\/p>\n\t\t\t\t\t\t\t\t\t\t\t\t\t\t\t\t\t\t\t<\/div>\n\t\t\t\t\t\t\t\t<\/a>\n\t\t\t\t\t\t\t<\/article>\n\t\t\t\t\t\t\t\t\t\t\t\t\t\t\t\t\t\t\t\t\t\t\t\t\t\t\t\t\t\t\t\t\t\t\t\t\t\t\t\t\t\t\t\t\t\t\t\t\t\t\t\t\t\t\t\t\t<article class=\"card card-info large\">\n\t\t\t\t\t\t\t\t<a class=\"card-link\" title=\"Helsingborg\" href=\"https:\/\/www.onlinevoices.com\/da\/vores-studios\/optagelsesstudie-i-helsingborg\/\">\n\t\t\t\t\t\t\t\t\t\t\t\t\t\t\t\t\t\t\t\n\n                                                                        \n    \n  <picture>\n    <source type=\"image\/webp\" sizes=\"(max-width: 560px) calc(100vw - 40px), (max-width: 768px) 520px, 400px\" srcset=\"https:\/\/www.onlinevoices.com\/wp-content\/uploads\/2023\/04\/Helsingborg_studio2_1-100x0-c-default.webp 100w, https:\/\/www.onlinevoices.com\/wp-content\/uploads\/2023\/04\/Helsingborg_studio2_1-200x0-c-default.webp 200w, https:\/\/www.onlinevoices.com\/wp-content\/uploads\/2023\/04\/Helsingborg_studio2_1-400x0-c-default.webp 400w, https:\/\/www.onlinevoices.com\/wp-content\/uploads\/2023\/04\/Helsingborg_studio2_1-600x0-c-default.webp 600w, https:\/\/www.onlinevoices.com\/wp-content\/uploads\/2023\/04\/Helsingborg_studio2_1-800x0-c-default.webp 800w, https:\/\/www.onlinevoices.com\/wp-content\/uploads\/2023\/04\/Helsingborg_studio2_1-1200x0-c-default.webp 1200w, https:\/\/www.onlinevoices.com\/wp-content\/uploads\/2023\/04\/Helsingborg_studio2_1-2400x0-c-default.webp 2400w, https:\/\/www.onlinevoices.com\/wp-content\/uploads\/2023\/04\/Helsingborg_studio2_1.webp 2560w\">\n    <source type=\"image\/jpeg\" sizes=\"(max-width: 560px) calc(100vw - 40px), (max-width: 768px) 520px, 400px\" srcset=\"https:\/\/www.onlinevoices.com\/wp-content\/uploads\/2023\/04\/Helsingborg_studio2_1-100x0-c-default.jpg 100w, https:\/\/www.onlinevoices.com\/wp-content\/uploads\/2023\/04\/Helsingborg_studio2_1-200x0-c-default.jpg 200w, https:\/\/www.onlinevoices.com\/wp-content\/uploads\/2023\/04\/Helsingborg_studio2_1-400x0-c-default.jpg 400w, https:\/\/www.onlinevoices.com\/wp-content\/uploads\/2023\/04\/Helsingborg_studio2_1-600x0-c-default.jpg 600w, https:\/\/www.onlinevoices.com\/wp-content\/uploads\/2023\/04\/Helsingborg_studio2_1-800x0-c-default.jpg 800w, https:\/\/www.onlinevoices.com\/wp-content\/uploads\/2023\/04\/Helsingborg_studio2_1-1200x0-c-default.jpg 1200w, https:\/\/www.onlinevoices.com\/wp-content\/uploads\/2023\/04\/Helsingborg_studio2_1-2400x0-c-default.jpg 2400w, https:\/\/www.onlinevoices.com\/wp-content\/uploads\/2023\/04\/Helsingborg_studio2_1.jpg 2560w\">\n    <img decoding=\"async\" class=\"grid-studio__img object-fit\" width=\"2560\" height=\"1920\" alt=\"Helsingborg_studio2_1\" src=\"https:\/\/www.onlinevoices.com\/wp-content\/uploads\/2023\/04\/Helsingborg_studio2_1.png\" loading=\"eager\">\n  <\/picture>\n\n\t\t\t\t\t\t\t\t\t\t\t\t\t\t\t\t\t\t<div class=\"card-content\">\n\t\t\t\t\t\t\t\t\t\t\t\t\t\t\t\t\t\t\t\t\t<h4 class=\"card-title\">Helsingborg<\/h4>\n\t\t\t\t\t\t\t\t\t\t\t\t\t\t\t\t\t\t\t\t\t\t\t\t\t\t\t\t\t\t\t<p class=\"card-desc hidden\">\n\t\t\t\t\t\t\t\t\t\t\t\tVores lydstudie i Sk\u00e5ne ligger to minutters gang fra Helsingborgs centralstation og betjener det sydlige Sverige, som er let tilg\u00e6ngeligt fra Malm\u00f8 og Danmark.<br \/>\n\n\t\t\t\t\t\t\t\t\t\t\t<\/p>\n\t\t\t\t\t\t\t\t\t\t\t\t\t\t\t\t\t\t\t<\/div>\n\t\t\t\t\t\t\t\t<\/a>\n\t\t\t\t\t\t\t<\/article>\n\t\t\t\t\t\t\t\t\t\t\t\t\t\t\t\t\t\t\t\t\t\t\t\t\t\t\t\t\t\t\t\t\t\t\t\t\t\t\t\t\t\t\t\t\t\t\t\t\t\t\t\t\t\t\t\t\t<article class=\"card card-info large\">\n\t\t\t\t\t\t\t\t<a class=\"card-link\" title=\"Link\u00f6ping\" href=\"https:\/\/www.onlinevoices.com\/da\/vores-studios\/optagelsesstudie-i-linkoping\/\">\n\t\t\t\t\t\t\t\t\t\t\t\t\t\t\t\t\t\t\t\n\n                                                              \n    \n  <picture>\n    <source type=\"image\/webp\" sizes=\"(max-width: 560px) calc(100vw - 40px), (max-width: 768px) 520px, 400px\" srcset=\"https:\/\/www.onlinevoices.com\/wp-content\/uploads\/2023\/04\/Linkoping07-100x0-c-default.webp 100w, https:\/\/www.onlinevoices.com\/wp-content\/uploads\/2023\/04\/Linkoping07-200x0-c-default.webp 200w, https:\/\/www.onlinevoices.com\/wp-content\/uploads\/2023\/04\/Linkoping07-400x0-c-default.webp 400w, https:\/\/www.onlinevoices.com\/wp-content\/uploads\/2023\/04\/Linkoping07-600x0-c-default.webp 600w, https:\/\/www.onlinevoices.com\/wp-content\/uploads\/2023\/04\/Linkoping07-800x0-c-default.webp 800w, https:\/\/www.onlinevoices.com\/wp-content\/uploads\/2023\/04\/Linkoping07-1200x0-c-default.webp 1200w, https:\/\/www.onlinevoices.com\/wp-content\/uploads\/2023\/04\/Linkoping07.webp 1440w\">\n    <source type=\"image\/jpeg\" sizes=\"(max-width: 560px) calc(100vw - 40px), (max-width: 768px) 520px, 400px\" srcset=\"https:\/\/www.onlinevoices.com\/wp-content\/uploads\/2023\/04\/Linkoping07-100x0-c-default.jpg 100w, https:\/\/www.onlinevoices.com\/wp-content\/uploads\/2023\/04\/Linkoping07-200x0-c-default.jpg 200w, https:\/\/www.onlinevoices.com\/wp-content\/uploads\/2023\/04\/Linkoping07-400x0-c-default.jpg 400w, https:\/\/www.onlinevoices.com\/wp-content\/uploads\/2023\/04\/Linkoping07-600x0-c-default.jpg 600w, https:\/\/www.onlinevoices.com\/wp-content\/uploads\/2023\/04\/Linkoping07-800x0-c-default.jpg 800w, https:\/\/www.onlinevoices.com\/wp-content\/uploads\/2023\/04\/Linkoping07-1200x0-c-default.jpg 1200w, https:\/\/www.onlinevoices.com\/wp-content\/uploads\/2023\/04\/Linkoping07.jpg 1440w\">\n    <img decoding=\"async\" class=\"grid-studio__img object-fit\" width=\"1440\" height=\"1800\" alt=\"Link\u00f6ping07\" src=\"https:\/\/www.onlinevoices.com\/wp-content\/uploads\/2023\/04\/Linkoping07.jpg\" loading=\"eager\">\n  <\/picture>\n\n\t\t\t\t\t\t\t\t\t\t\t\t\t\t\t\t\t\t<div class=\"card-content\">\n\t\t\t\t\t\t\t\t\t\t\t\t\t\t\t\t\t\t\t\t\t<h4 class=\"card-title\">Link\u00f6ping<\/h4>\n\t\t\t\t\t\t\t\t\t\t\t\t\t\t\t\t\t\t\t\t\t\t\t\t\t\t\t\t\t\t\t<p class=\"card-desc hidden\">\n\t\t\t\t\t\t\t\t\t\t\t\tVores lydstudie i Link\u00f6ping er helt nyt og ideelt til voice-over-indspilninger, lydproduktion, e-learning-indspilninger, podcast, IVR og meget mere. \n\t\t\t\t\t\t\t\t\t\t\t<\/p>\n\t\t\t\t\t\t\t\t\t\t\t\t\t\t\t\t\t\t\t<\/div>\n\t\t\t\t\t\t\t\t<\/a>\n\t\t\t\t\t\t\t<\/article>\n\t\t\t\t\t\t\t\t\t\t\t\t\t\t\t\t\t\t\t\t\t\t\t\t\t\t\t\t\t\t\t\t\t\t\t\t\t\t\t\t\t\t\t\t\t\t\t\t\t\t\t\t\t\t\t\t\t<article class=\"card card-info large\">\n\t\t\t\t\t\t\t\t<a class=\"card-link\" title=\"V\u00e4xj\u00f6\" href=\"https:\/\/www.onlinevoices.com\/da\/vores-studios\/optagelsesstudie-i-vaxjo\/\">\n\t\t\t\t\t\t\t\t\t\t\t\t\t\t\t\t\t\t\t\n\n                                                              \n    \n  <picture>\n    <source type=\"image\/webp\" sizes=\"(max-width: 560px) calc(100vw - 40px), (max-width: 768px) 520px, 400px\" srcset=\"https:\/\/www.onlinevoices.com\/wp-content\/uploads\/2023\/03\/online-voices-stockholm-office-20-scaled-100x0-c-default.webp 100w, https:\/\/www.onlinevoices.com\/wp-content\/uploads\/2023\/03\/online-voices-stockholm-office-20-scaled-200x0-c-default.webp 200w, https:\/\/www.onlinevoices.com\/wp-content\/uploads\/2023\/03\/online-voices-stockholm-office-20-scaled-400x0-c-default.webp 400w, https:\/\/www.onlinevoices.com\/wp-content\/uploads\/2023\/03\/online-voices-stockholm-office-20-scaled-600x0-c-default.webp 600w, https:\/\/www.onlinevoices.com\/wp-content\/uploads\/2023\/03\/online-voices-stockholm-office-20-scaled-800x0-c-default.webp 800w, https:\/\/www.onlinevoices.com\/wp-content\/uploads\/2023\/03\/online-voices-stockholm-office-20-scaled-1200x0-c-default.webp 1200w, https:\/\/www.onlinevoices.com\/wp-content\/uploads\/2023\/03\/online-voices-stockholm-office-20-scaled.webp 1707w\">\n    <source type=\"image\/jpeg\" sizes=\"(max-width: 560px) calc(100vw - 40px), (max-width: 768px) 520px, 400px\" srcset=\"https:\/\/www.onlinevoices.com\/wp-content\/uploads\/2023\/03\/online-voices-stockholm-office-20-scaled-100x0-c-default.jpg 100w, https:\/\/www.onlinevoices.com\/wp-content\/uploads\/2023\/03\/online-voices-stockholm-office-20-scaled-200x0-c-default.jpg 200w, https:\/\/www.onlinevoices.com\/wp-content\/uploads\/2023\/03\/online-voices-stockholm-office-20-scaled-400x0-c-default.jpg 400w, https:\/\/www.onlinevoices.com\/wp-content\/uploads\/2023\/03\/online-voices-stockholm-office-20-scaled-600x0-c-default.jpg 600w, https:\/\/www.onlinevoices.com\/wp-content\/uploads\/2023\/03\/online-voices-stockholm-office-20-scaled-800x0-c-default.jpg 800w, https:\/\/www.onlinevoices.com\/wp-content\/uploads\/2023\/03\/online-voices-stockholm-office-20-scaled-1200x0-c-default.jpg 1200w, https:\/\/www.onlinevoices.com\/wp-content\/uploads\/2023\/03\/online-voices-stockholm-office-20-scaled.jpg 1707w\">\n    <img decoding=\"async\" class=\"grid-studio__img object-fit\" width=\"1707\" height=\"2560\" alt=\"online-voices-stockholm-office-20\" src=\"https:\/\/www.onlinevoices.com\/wp-content\/uploads\/2023\/03\/online-voices-stockholm-office-20-scaled.jpg\" loading=\"eager\">\n  <\/picture>\n\n\t\t\t\t\t\t\t\t\t\t\t\t\t\t\t\t\t\t<div class=\"card-content\">\n\t\t\t\t\t\t\t\t\t\t\t\t\t\t\t\t\t\t\t\t\t<h4 class=\"card-title\">V\u00e4xj\u00f6<\/h4>\n\t\t\t\t\t\t\t\t\t\t\t\t\t\t\t\t\t\t\t\t\t\t\t\t\t\t\t\t\t\t\t<p class=\"card-desc hidden\">\n\t\t\t\t\t\t\t\t\t\t\t\tOnline Voices lydstudie i V\u00e4xj\u00f6 ligger to etager over SVT (Sveriges Television) i denne ombyggede medieby.<br \/>\n\n\t\t\t\t\t\t\t\t\t\t\t<\/p>\n\t\t\t\t\t\t\t\t\t\t\t\t\t\t\t\t\t\t\t<\/div>\n\t\t\t\t\t\t\t\t<\/a>\n\t\t\t\t\t\t\t<\/article>\n\t\t\t\t\t\t\t\t\t\t\t\t\t\t\t\t\t\t<\/div>\n\t\t\t<\/div>\n<\/section>\n<section class=\"grid-services gutenberg-block reset-global-padding alignfull  \" id=\"block_7fcf19e203a662117066a46f02428b21\" >\n\t<div class=\"sk-container \">\n\t\t<div class=\"grid-services__header\">\n\t\t\t\t\t\t\t<h2 class=\"grid-services__title\">Lej vores studie<\/h2>\n\t\t\t\t\t\t\t\t\t\t<a class=\"sk-link\" title=\"Udforsk flere tjenester\" href=\"https:\/\/www.onlinevoices.com\/services\/\">Udforsk flere tjenester<svg width=\"8\" height=\"12\" viewbox=\"0 0 8 12\" fill=\"none\"><path d=\"M1.70492 0L0.294922 1.41L4.87492 6L0.294922 10.59L1.70492 12L7.70492 6L1.70492 0Z\" fill=\"var(--sk-color-link)\"\/><\/svg><\/a>\n\t\t\t\t\t<\/div>\n\t\t\t\t\t<div class=\"grid-services__content\">\n\t\t\t\t\t\t\t\t\t\t\t\t\t\t\t\t\t\t\t\t\t\t\t\t\t\t\t\t\t\t\t\t\t\t\t\t\t\t\t<article class=\"card medium\">\n\t\t\t\t\t\t\t<a class=\"card-link\" title=\"Podcast optagelse\" href=\"https:\/\/www.onlinevoices.com\/da\/tjenester\/podcast-optagelse\/\" style=\"\">\n\t\t\t\t\t\t\t\t<div class=\"card-content\">\n\t\t\t\t\t\t\t\t\t\t\t\t\t\t\t\t\t\t\t<h4 class=\"card-title\">Podcast optagelse<\/h4>\n\t\t\t\t\t\t\t\t\t\t\t\t\t\t\t\t\t\t\t\t\t\t\t\t\t\t\t\t<p class=\"card-desc hidden\">\n\t\t\t\t\t\t\t\t\t\t\tLeder du efter et godt podcaststudie? Vi vil med gl\u00e6de hj\u00e6lpe dig gennem processen med optagelse og filmning samt redigering og postproduktion.\n\t\t\t\t\t\t\t\t\t\t<\/p>\n\t\t\t\t\t\t\t\t\t\t\t\t\t\t\t\t\t<\/div>\n\t\t\t\t\t\t\t<\/a>\n\t\t\t\t\t\t<\/article>\n\t\t\t\t\t\t\t\t\t\t\t\t\t\t\t\t\t\t\t\t\t\t\t\t\t\t\t\t\t\t\t\t\t\t\t\t\t\t\t\t\t\t\t\t<article class=\"card medium\">\n\t\t\t\t\t\t\t<a class=\"card-link\" title=\"Casting og optagelse af stemmer\" href=\"https:\/\/www.onlinevoices.com\/da\/tjenester\/casting-og-optagelse-af-stemmer\/\" style=\"\">\n\t\t\t\t\t\t\t\t<div class=\"card-content\">\n\t\t\t\t\t\t\t\t\t\t\t\t\t\t\t\t\t\t\t<h4 class=\"card-title\">Casting og optagelse af stemmer<\/h4>\n\t\t\t\t\t\t\t\t\t\t\t\t\t\t\t\t\t\t\t\t\t\t\t\t\t\t\t\t<p class=\"card-desc hidden\">\n\t\t\t\t\t\t\t\t\t\t\tOnline Voices har sat en ny standard for voice-over-tjenester. Flere stemmetalenter, flere demotyper, hundredvis af sprog og dialekter, og du kan deltage i hver optagelse digitalt, uanset hvor du er. Vores erfarne medarbejdere vil skabe smidige og skr\u00e6ddersyede l\u00f8sninge\u2026\n\t\t\t\t\t\t\t\t\t\t<\/p>\n\t\t\t\t\t\t\t\t\t\t\t\t\t\t\t\t\t<\/div>\n\t\t\t\t\t\t\t<\/a>\n\t\t\t\t\t\t<\/article>\n\t\t\t\t\t\t\t\t\t\t\t\t\t\t\t\t\t\t\t\t\t\t\t\t\t\t\t\t\t\t\t\t\t\t\t\t\t\t\t\t\t\t\t\t<article class=\"card medium\">\n\t\t\t\t\t\t\t<a class=\"card-link\" title=\"ADR\" href=\"https:\/\/www.onlinevoices.com\/da\/tjenester\/adr\/\" style=\"\">\n\t\t\t\t\t\t\t\t<div class=\"card-content\">\n\t\t\t\t\t\t\t\t\t\t\t\t\t\t\t\t\t\t\t<h4 class=\"card-title\">ADR<\/h4>\n\t\t\t\t\t\t\t\t\t\t\t\t\t\t\t\t\t\t\t\t\t\t\t\t\t\t\t\t<p class=\"card-desc hidden\">\n\t\t\t\t\t\t\t\t\t\t\tVores ADR-projekter omfatter store titler til film, serier og computerspil lavet sammen med studier i Hollywood, London, Rom, Berlin, Prag med flere. Hos Online Voices er vi vant til at arbejde med b\u00e5de svenske og internationale skuespillere. <br \/>\n\n\t\t\t\t\t\t\t\t\t\t<\/p>\n\t\t\t\t\t\t\t\t\t\t\t\t\t\t\t\t\t<\/div>\n\t\t\t\t\t\t\t<\/a>\n\t\t\t\t\t\t<\/article>\n\t\t\t\t\t\t\t\t\t\t\t\t<\/div>\n\t\t\t<\/div>\n<\/section>\n","protected":false},"excerpt":{"rendered":"","protected":false},"author":1,"featured_media":0,"parent":0,"menu_order":0,"comment_status":"closed","ping_status":"closed","template":"","meta":{"_acf_changed":false,"inline_featured_image":false,"footnotes":""},"class_list":["post-5724","page","type-page","status-publish","hentry"],"acf":[],"yoast_head":"<!-- This site is optimized with the Yoast SEO plugin v27.4 - https:\/\/yoast.com\/product\/yoast-seo-wordpress\/ -->\n<title>Vores optagestudier - Online Voices<\/title>\n<meta name=\"description\" content=\"Optagestudiesteder i Sverige: Stockholm, Link\u00f6ping, V\u00e4xj\u00f6, Helsingborg. Netv\u00e6rk af professionelle optagestudier rundt om i verden.\" \/>\n<meta name=\"robots\" content=\"index, follow, max-snippet:-1, max-image-preview:large, max-video-preview:-1\" \/>\n<link rel=\"canonical\" href=\"https:\/\/www.onlinevoices.com\/da\/vores-optagestudier\/\" \/>\n<meta property=\"og:locale\" content=\"da_DK\" \/>\n<meta property=\"og:type\" content=\"article\" \/>\n<meta property=\"og:title\" content=\"Vores optagestudier - Online Voices\" \/>\n<meta property=\"og:description\" content=\"Optagestudiesteder i Sverige: Stockholm, Link\u00f6ping, V\u00e4xj\u00f6, Helsingborg. Netv\u00e6rk af professionelle optagestudier rundt om i verden.\" \/>\n<meta property=\"og:url\" content=\"https:\/\/www.onlinevoices.com\/da\/vores-optagestudier\/\" \/>\n<meta property=\"og:site_name\" content=\"Online Voices\" \/>\n<meta property=\"article:publisher\" content=\"https:\/\/facebook.com\/\" \/>\n<meta property=\"article:modified_time\" content=\"2025-10-30T22:35:00+00:00\" \/>\n<meta name=\"twitter:card\" content=\"summary_large_image\" \/>\n<script type=\"application\/ld+json\" class=\"yoast-schema-graph\">{\"@context\":\"https:\\\/\\\/schema.org\",\"@graph\":[{\"@type\":\"WebPage\",\"@id\":\"https:\\\/\\\/www.onlinevoices.com\\\/da\\\/vores-optagestudier\\\/\",\"url\":\"https:\\\/\\\/www.onlinevoices.com\\\/da\\\/vores-optagestudier\\\/\",\"name\":\"Vores optagestudier - Online Voices\",\"isPartOf\":{\"@id\":\"https:\\\/\\\/www.onlinevoices.com\\\/da\\\/#website\"},\"datePublished\":\"2023-03-02T12:01:09+00:00\",\"dateModified\":\"2025-10-30T22:35:00+00:00\",\"description\":\"Optagestudiesteder i Sverige: Stockholm, Link\u00f6ping, V\u00e4xj\u00f6, Helsingborg. Netv\u00e6rk af professionelle optagestudier rundt om i verden.\",\"breadcrumb\":{\"@id\":\"https:\\\/\\\/www.onlinevoices.com\\\/da\\\/vores-optagestudier\\\/#breadcrumb\"},\"inLanguage\":\"da-DK\",\"potentialAction\":[{\"@type\":\"ReadAction\",\"target\":[\"https:\\\/\\\/www.onlinevoices.com\\\/da\\\/vores-optagestudier\\\/\"]}]},{\"@type\":\"BreadcrumbList\",\"@id\":\"https:\\\/\\\/www.onlinevoices.com\\\/da\\\/vores-optagestudier\\\/#breadcrumb\",\"itemListElement\":[{\"@type\":\"ListItem\",\"position\":1,\"name\":\"Home\",\"item\":\"https:\\\/\\\/www.onlinevoices.com\\\/da\\\/\"},{\"@type\":\"ListItem\",\"position\":2,\"name\":\"Vores optagestudier\"}]},{\"@type\":\"WebSite\",\"@id\":\"https:\\\/\\\/www.onlinevoices.com\\\/da\\\/#website\",\"url\":\"https:\\\/\\\/www.onlinevoices.com\\\/da\\\/\",\"name\":\"Online Voices\",\"description\":\"Global voice over and sound production partner\",\"publisher\":{\"@id\":\"https:\\\/\\\/www.onlinevoices.com\\\/da\\\/#organization\"},\"potentialAction\":[{\"@type\":\"SearchAction\",\"target\":{\"@type\":\"EntryPoint\",\"urlTemplate\":\"https:\\\/\\\/www.onlinevoices.com\\\/da\\\/?s={search_term_string}\"},\"query-input\":{\"@type\":\"PropertyValueSpecification\",\"valueRequired\":true,\"valueName\":\"search_term_string\"}}],\"inLanguage\":\"da-DK\"},{\"@type\":\"Organization\",\"@id\":\"https:\\\/\\\/www.onlinevoices.com\\\/da\\\/#organization\",\"name\":\"Online Voices\",\"url\":\"https:\\\/\\\/www.onlinevoices.com\\\/da\\\/\",\"logo\":{\"@type\":\"ImageObject\",\"inLanguage\":\"da-DK\",\"@id\":\"https:\\\/\\\/www.onlinevoices.com\\\/da\\\/#\\\/schema\\\/logo\\\/image\\\/\",\"url\":\"https:\\\/\\\/www.onlinevoices.com\\\/wp-content\\\/uploads\\\/2023\\\/06\\\/onlinevoices.png\",\"contentUrl\":\"https:\\\/\\\/www.onlinevoices.com\\\/wp-content\\\/uploads\\\/2023\\\/06\\\/onlinevoices.png\",\"width\":1000,\"height\":1000,\"caption\":\"Online Voices\"},\"image\":{\"@id\":\"https:\\\/\\\/www.onlinevoices.com\\\/da\\\/#\\\/schema\\\/logo\\\/image\\\/\"},\"sameAs\":[\"https:\\\/\\\/facebook.com\\\/\",\"https:\\\/\\\/www.linkedin.com\\\/\"]}]}<\/script>\n<!-- \/ Yoast SEO plugin. -->","yoast_head_json":{"title":"Vores optagestudier - Online Voices","description":"Optagestudiesteder i Sverige: Stockholm, Link\u00f6ping, V\u00e4xj\u00f6, Helsingborg. Netv\u00e6rk af professionelle optagestudier rundt om i verden.","robots":{"index":"index","follow":"follow","max-snippet":"max-snippet:-1","max-image-preview":"max-image-preview:large","max-video-preview":"max-video-preview:-1"},"canonical":"https:\/\/www.onlinevoices.com\/da\/vores-optagestudier\/","og_locale":"da_DK","og_type":"article","og_title":"Vores optagestudier - Online Voices","og_description":"Optagestudiesteder i Sverige: Stockholm, Link\u00f6ping, V\u00e4xj\u00f6, Helsingborg. Netv\u00e6rk af professionelle optagestudier rundt om i verden.","og_url":"https:\/\/www.onlinevoices.com\/da\/vores-optagestudier\/","og_site_name":"Online Voices","article_publisher":"https:\/\/facebook.com\/","article_modified_time":"2025-10-30T22:35:00+00:00","twitter_card":"summary_large_image","schema":{"@context":"https:\/\/schema.org","@graph":[{"@type":"WebPage","@id":"https:\/\/www.onlinevoices.com\/da\/vores-optagestudier\/","url":"https:\/\/www.onlinevoices.com\/da\/vores-optagestudier\/","name":"Vores optagestudier - Online Voices","isPartOf":{"@id":"https:\/\/www.onlinevoices.com\/da\/#website"},"datePublished":"2023-03-02T12:01:09+00:00","dateModified":"2025-10-30T22:35:00+00:00","description":"Optagestudiesteder i Sverige: Stockholm, Link\u00f6ping, V\u00e4xj\u00f6, Helsingborg. Netv\u00e6rk af professionelle optagestudier rundt om i verden.","breadcrumb":{"@id":"https:\/\/www.onlinevoices.com\/da\/vores-optagestudier\/#breadcrumb"},"inLanguage":"da-DK","potentialAction":[{"@type":"ReadAction","target":["https:\/\/www.onlinevoices.com\/da\/vores-optagestudier\/"]}]},{"@type":"BreadcrumbList","@id":"https:\/\/www.onlinevoices.com\/da\/vores-optagestudier\/#breadcrumb","itemListElement":[{"@type":"ListItem","position":1,"name":"Home","item":"https:\/\/www.onlinevoices.com\/da\/"},{"@type":"ListItem","position":2,"name":"Vores optagestudier"}]},{"@type":"WebSite","@id":"https:\/\/www.onlinevoices.com\/da\/#website","url":"https:\/\/www.onlinevoices.com\/da\/","name":"Online Voices","description":"Global voice over and sound production partner","publisher":{"@id":"https:\/\/www.onlinevoices.com\/da\/#organization"},"potentialAction":[{"@type":"SearchAction","target":{"@type":"EntryPoint","urlTemplate":"https:\/\/www.onlinevoices.com\/da\/?s={search_term_string}"},"query-input":{"@type":"PropertyValueSpecification","valueRequired":true,"valueName":"search_term_string"}}],"inLanguage":"da-DK"},{"@type":"Organization","@id":"https:\/\/www.onlinevoices.com\/da\/#organization","name":"Online Voices","url":"https:\/\/www.onlinevoices.com\/da\/","logo":{"@type":"ImageObject","inLanguage":"da-DK","@id":"https:\/\/www.onlinevoices.com\/da\/#\/schema\/logo\/image\/","url":"https:\/\/www.onlinevoices.com\/wp-content\/uploads\/2023\/06\/onlinevoices.png","contentUrl":"https:\/\/www.onlinevoices.com\/wp-content\/uploads\/2023\/06\/onlinevoices.png","width":1000,"height":1000,"caption":"Online Voices"},"image":{"@id":"https:\/\/www.onlinevoices.com\/da\/#\/schema\/logo\/image\/"},"sameAs":["https:\/\/facebook.com\/","https:\/\/www.linkedin.com\/"]}]}},"_links":{"self":[{"href":"https:\/\/www.onlinevoices.com\/da\/wp-json\/wp\/v2\/pages\/5724","targetHints":{"allow":["GET"]}}],"collection":[{"href":"https:\/\/www.onlinevoices.com\/da\/wp-json\/wp\/v2\/pages"}],"about":[{"href":"https:\/\/www.onlinevoices.com\/da\/wp-json\/wp\/v2\/types\/page"}],"author":[{"embeddable":true,"href":"https:\/\/www.onlinevoices.com\/da\/wp-json\/wp\/v2\/users\/1"}],"replies":[{"embeddable":true,"href":"https:\/\/www.onlinevoices.com\/da\/wp-json\/wp\/v2\/comments?post=5724"}],"version-history":[{"count":0,"href":"https:\/\/www.onlinevoices.com\/da\/wp-json\/wp\/v2\/pages\/5724\/revisions"}],"wp:attachment":[{"href":"https:\/\/www.onlinevoices.com\/da\/wp-json\/wp\/v2\/media?parent=5724"}],"curies":[{"name":"wp","href":"https:\/\/api.w.org\/{rel}","templated":true}]}}